{"id":193,"date":"2013-04-07T20:42:31","date_gmt":"2013-04-07T18:42:31","guid":{"rendered":"http:\/\/www.westveensemolen.nl\/?page_id=193"},"modified":"2013-04-07T20:42:31","modified_gmt":"2013-04-07T18:42:31","slug":"anreise-und-kontakt-2","status":"publish","type":"page","link":"http:\/\/www.westveensemolen.nl\/?page_id=193","title":{"rendered":"Anreise und Kontakt"},"content":{"rendered":"<p>Zu Fuss oder mit Rad ist die M\u00fchle \u00fcber die Westveensekade erreichbar.Sie liegt zwischen den Fahrradknotepunkten 80 und 82. Die meiste Routenplanner stimmen leider nicht. Mit\u00a0den Auto k\u00f6nnen Sie nur \u00fcber Uitweg 18 3652 LR Woerdense Verlaat kommen, dort k\u00f6nnen Sie \u00fcber die Brucke fahren. Dann fahren sie noch 900 Metern gradeaus bis an den\u00a0Deich. Ein Besuch ist meistens samstags m\u00f6glich. Wer sicher gehen will, sollte zuvor Kontakt mit mir aufnehmen.<\/p>\n<p>Maarten\u00a0van Scheppingen 06-40498381 <a href=\"mailto:maarten@westveensemolen.nl\">maarten@westveensemolen.nl<\/a><\/p>\n","protected":false},"excerpt":{"rendered":"<p>Zu Fuss oder mit Rad ist die M\u00fchle \u00fcber die Westveensekade erreichbar.Sie liegt zwischen den Fahrradknotepunkten 80 und 82. Die meiste Routenplanner stimmen leider nicht. Mit\u00a0den Auto k\u00f6nnen Sie nur \u00fcber Uitweg 18 3652 LR Woerdense Verlaat kommen, dort k\u00f6nnen &hellip; <a href=\"http:\/\/www.westveensemolen.nl\/?page_id=193\">Lees verder <span class=\"meta-nav\">&rarr;<\/span><\/a><\/p>\n","protected":false},"author":2,"featured_media":0,"parent":0,"menu_order":29,"comment_status":"closed","ping_status":"closed","template":"","meta":{"footnotes":""},"class_list":["post-193","page","type-page","status-publish","hentry"],"_links":{"self":[{"href":"http:\/\/www.westveensemolen.nl\/index.php?rest_route=\/wp\/v2\/pages\/193","targetHints":{"allow":["GET"]}}],"collection":[{"href":"http:\/\/www.westveensemolen.nl\/index.php?rest_route=\/wp\/v2\/pages"}],"about":[{"href":"http:\/\/www.westveensemolen.nl\/index.php?rest_route=\/wp\/v2\/types\/page"}],"author":[{"embeddable":true,"href":"http:\/\/www.westveensemolen.nl\/index.php?rest_route=\/wp\/v2\/users\/2"}],"replies":[{"embeddable":true,"href":"http:\/\/www.westveensemolen.nl\/index.php?rest_route=%2Fwp%2Fv2%2Fcomments&post=193"}],"version-history":[{"count":1,"href":"http:\/\/www.westveensemolen.nl\/index.php?rest_route=\/wp\/v2\/pages\/193\/revisions"}],"predecessor-version":[{"id":194,"href":"http:\/\/www.westveensemolen.nl\/index.php?rest_route=\/wp\/v2\/pages\/193\/revisions\/194"}],"wp:attachment":[{"href":"http:\/\/www.westveensemolen.nl\/index.php?rest_route=%2Fwp%2Fv2%2Fmedia&parent=193"}],"curies":[{"name":"wp","href":"https:\/\/api.w.org\/{rel}","templated":true}]}}