{"id":54,"date":"2013-03-19T22:05:09","date_gmt":"2013-03-19T21:05:09","guid":{"rendered":"http:\/\/test.westveensemolen.nl\/?page_id=54"},"modified":"2013-04-07T18:20:23","modified_gmt":"2013-04-07T16:20:23","slug":"links","status":"publish","type":"page","link":"http:\/\/www.westveensemolen.nl\/?page_id=54","title":{"rendered":"Links"},"content":{"rendered":"<p><a title=\"http:\/\/www.utrechtslandschap.nl\/\" href=\"http:\/\/www.westveensemolen.nl\/wp-content\/uploads\/2013\/03\/Logo-HUL.jpg\" target=\"_blank\"><img loading=\"lazy\" decoding=\"async\" class=\"alignnone size-medium wp-image-68\" alt=\"Logo HUL\" src=\"http:\/\/www.westveensemolen.nl\/wp-content\/uploads\/2013\/03\/Logo-HUL-300x208.jpg\" width=\"300\" height=\"208\" srcset=\"http:\/\/www.westveensemolen.nl\/wp-content\/uploads\/2013\/03\/Logo-HUL-300x208.jpg 300w, http:\/\/www.westveensemolen.nl\/wp-content\/uploads\/2013\/03\/Logo-HUL.jpg 425w\" sizes=\"auto, (max-width: 300px) 100vw, 300px\" \/><\/a><a title=\"http:\/\/www.vrijwilligemolenaars.nl\/\" href=\"http:\/\/www.westveensemolen.nl\/wp-content\/uploads\/2013\/03\/badge-gvm.jpg\" target=\"_blank\">\u00a0\u00a0 <img loading=\"lazy\" decoding=\"async\" class=\"alignnone size-medium wp-image-57\" alt=\"badge gvm\" src=\"http:\/\/www.westveensemolen.nl\/wp-content\/uploads\/2013\/03\/badge-gvm-203x300.jpg\" width=\"178\" height=\"264\" \/><\/a><\/p>\n<p><a title=\"www.molens.nl\" href=\"http:\/\/www.westveensemolen.nl\/wp-content\/uploads\/2013\/03\/logodhm.gif\" target=\"_blank\"><img loading=\"lazy\" decoding=\"async\" class=\"size-full wp-image-69\" alt=\"De Hollandse Molen\" src=\"http:\/\/www.westveensemolen.nl\/wp-content\/uploads\/2013\/03\/logodhm.gif\" width=\"98\" height=\"138\" \/><\/a><\/p>\n<p>&nbsp;<\/p>\n<div>\n<dl id=\"attachment_70\">\n<dt><a title=\"http:\/\/www.molendatabase.nl\/\" href=\"http:\/\/www.westveensemolen.nl\/wp-content\/uploads\/2013\/03\/molendatabaseknop.jpg\" target=\"_blank\"><img loading=\"lazy\" decoding=\"async\" alt=\"database molens in Nederland en Belgi\u00eb\" src=\"http:\/\/www.westveensemolen.nl\/wp-content\/uploads\/2013\/03\/molendatabaseknop-300x71.jpg\" width=\"471\" height=\"110\" \/><\/a>database molens in Nederland en Belgi\u00eb<\/dt>\n<\/dl>\n<\/div>\n<div id=\"attachment_80\" style=\"width: 126px\" class=\"wp-caption alignnone\"><a title=\"http:\/\/www.muehlen-dgm-ev.de\/\" href=\"http:\/\/www.westveensemolen.nl\/wp-content\/uploads\/2013\/03\/wappen-g.jpg\" target=\"_blank\"><img loading=\"lazy\" decoding=\"async\" aria-describedby=\"caption-attachment-80\" class=\"size-full wp-image-80\" alt=\"Deutsche Gesellschaft f\u00fcr M\u00fchlenkunde und M\u00fchlenerhaltung (DGM)\" src=\"http:\/\/www.westveensemolen.nl\/wp-content\/uploads\/2013\/03\/wappen-g.jpg\" width=\"116\" height=\"160\" \/><\/a><p id=\"caption-attachment-80\" class=\"wp-caption-text\">Deutsche Gesellschaft f\u00fcr M\u00fchlenkunde und M\u00fchlenerhaltung (DGM)<\/p><\/div>\n<p>&nbsp;<\/p>\n","protected":false},"excerpt":{"rendered":"<p>\u00a0\u00a0 &nbsp; database molens in Nederland en Belgi\u00eb &nbsp;<\/p>\n","protected":false},"author":2,"featured_media":0,"parent":0,"menu_order":90,"comment_status":"open","ping_status":"open","template":"","meta":{"footnotes":""},"class_list":["post-54","page","type-page","status-publish","hentry"],"_links":{"self":[{"href":"http:\/\/www.westveensemolen.nl\/index.php?rest_route=\/wp\/v2\/pages\/54","targetHints":{"allow":["GET"]}}],"collection":[{"href":"http:\/\/www.westveensemolen.nl\/index.php?rest_route=\/wp\/v2\/pages"}],"about":[{"href":"http:\/\/www.westveensemolen.nl\/index.php?rest_route=\/wp\/v2\/types\/page"}],"author":[{"embeddable":true,"href":"http:\/\/www.westveensemolen.nl\/index.php?rest_route=\/wp\/v2\/users\/2"}],"replies":[{"embeddable":true,"href":"http:\/\/www.westveensemolen.nl\/index.php?rest_route=%2Fwp%2Fv2%2Fcomments&post=54"}],"version-history":[{"count":5,"href":"http:\/\/www.westveensemolen.nl\/index.php?rest_route=\/wp\/v2\/pages\/54\/revisions"}],"predecessor-version":[{"id":158,"href":"http:\/\/www.westveensemolen.nl\/index.php?rest_route=\/wp\/v2\/pages\/54\/revisions\/158"}],"wp:attachment":[{"href":"http:\/\/www.westveensemolen.nl\/index.php?rest_route=%2Fwp%2Fv2%2Fmedia&parent=54"}],"curies":[{"name":"wp","href":"https:\/\/api.w.org\/{rel}","templated":true}]}}